{"id":2328,"date":"2025-04-08T06:50:00","date_gmt":"2025-04-08T04:50:00","guid":{"rendered":"https:\/\/wycoticu.cyon.site\/?page_id=2328"},"modified":"2025-04-13T09:44:19","modified_gmt":"2025-04-13T07:44:19","slug":"alle-artikel-kryptogramm-2","status":"publish","type":"page","link":"https:\/\/labuse-facts.com\/index.php\/alle-artikel-kryptogramm-2\/","title":{"rendered":"Alle Artikel Kryptogramm"},"content":{"rendered":"<div id='full_slider_1'  class='avia-fullwidth-slider main_color avia-shadow   avia-builder-el-0  el_before_av_section  avia-builder-el-first   container_wrap fullsize'  ><\/div>\n\n<style type=\"text\/css\" data-created_by=\"avia_inline_auto\" id=\"style-css-av-m8y775td-9462e8b5bc4cbc16c174c712b9e6f8dc\">\n.avia-section.av-m8y775td-9462e8b5bc4cbc16c174c712b9e6f8dc{\nbackground-color:#eedac0;\nbackground-image:unset;\n}\n<\/style>\n<div id='av_section_1'  class='avia-section av-m8y775td-9462e8b5bc4cbc16c174c712b9e6f8dc main_color avia-section-default avia-no-border-styling  avia-builder-el-1  el_after_av_slideshow_full  avia-builder-el-last  avia-bg-style-scroll container_wrap fullsize'  ><div class='container av-section-cont-open' ><div class='template-page content  av-content-full alpha units'><div class='post-entry post-entry-type-page post-entry-2328'><div class='entry-content-wrapper clearfix'>\n\n<style type=\"text\/css\" data-created_by=\"avia_inline_auto\" id=\"style-css-av-m8ctb1vy-124a355585f5f2b7a5fa9a72d7e11120\">\n#top .av-special-heading.av-m8ctb1vy-124a355585f5f2b7a5fa9a72d7e11120{\npadding-bottom:10px;\n}\nbody .av-special-heading.av-m8ctb1vy-124a355585f5f2b7a5fa9a72d7e11120 .av-special-heading-tag .heading-char{\nfont-size:25px;\n}\n.av-special-heading.av-m8ctb1vy-124a355585f5f2b7a5fa9a72d7e11120 .av-subheading{\nfont-size:15px;\n}\n<\/style>\n<div  class='av-special-heading av-m8ctb1vy-124a355585f5f2b7a5fa9a72d7e11120 av-special-heading-h2 blockquote modern-quote  avia-builder-el-2  el_before_av_textblock  avia-builder-el-first '><h2 class='av-special-heading-tag '  itemprop=\"headline\"  >Alle Artikel Kryptogramm<\/h2><div class=\"special-heading-border\"><div class=\"special-heading-inner-border\"><\/div><\/div><\/div>\n<section  class='av_textblock_section av-m8ctbryi-b6b4307247086c7a4e5cce908f045cec '   itemscope=\"itemscope\" itemtype=\"https:\/\/schema.org\/CreativeWork\" ><div class='avia_textblock'  itemprop=\"text\" ><h2><\/h2>\n<p><a href=\"https:\/\/labuse-facts.com\/index.php\/2025\/04\/06\/le-flibustier-mysterieux\/\"><img loading=\"lazy\" decoding=\"async\" class=\"details-image alignleft\" draggable=\"false\" src=\"https:\/\/wycoticu.cyon.site\/wp-content\/uploads\/2025\/04\/1-Le-flibustier-mysterieux.png\" alt=\"\" width=\"141\" height=\"100\" \/><\/a><\/p>\n<p>1 <a href=\"https:\/\/labuse-facts.com\/index.php\/2025\/04\/06\/le-flibustier-mysterieux\/\">LE FLIBUSTIER MYSTERIEUX<\/a> von Daniel Krieg<\/p>\n<p>1934 publiziert Charles de La Ronci\u00e8re ein geheimnisvolles Kryptogramm. Angeblich habe es der Pirat \u00abLa Buse\u00bb 1730 kurz vor seiner Exekution ins Publikum geworfen. Die Geburt einer Legende. \u2013<\/p>\n<hr \/>\n<p><a href=\"https:\/\/labuse-facts.com\/index.php\/2025\/04\/06\/die-freimaurer-schrift\/\"><img loading=\"lazy\" decoding=\"async\" class=\"details-image alignleft\" draggable=\"false\" src=\"https:\/\/wycoticu.cyon.site\/wp-content\/uploads\/2025\/04\/freimaurer_PREMIUM.png\" alt=\"\" width=\"140\" height=\"99\" \/><\/a><\/p>\n<p>2 <a href=\"https:\/\/labuse-facts.com\/index.php\/2025\/04\/06\/die-freimaurer-schrift\/\">DIE FREIMAURER-SCHRIFT<\/a>\u00a0von Daniel Krieg<\/p>\n<p>Die Freimaurer-Schrift wurde im 18. Jahrhundert von Mitgliedern der Freimaurerlogen in der pers\u00f6nlichen Kommunikation verwendet. Welches sind die Wurzeln dieses Geheim-Codes und wie funktioniert er? \u2013 Nur f\u00fcr <a href=\"https:\/\/labuse-facts.com\/index.php\/membership-join\/\">PREMIUM-Mitglieder<\/a>.<\/p>\n<hr \/>\n<p><a href=\"https:\/\/labuse-facts.com\/index.php\/2025\/04\/06\/uebersetzungsversuche\/\"><img loading=\"lazy\" decoding=\"async\" class=\"details-image alignleft\" draggable=\"false\" src=\"https:\/\/wycoticu.cyon.site\/wp-content\/uploads\/2025\/04\/3-Uebersetzungsversuche.png\" alt=\"\" width=\"141\" height=\"100\" \/><\/a><\/p>\n<p>3 <a href=\"https:\/\/labuse-facts.com\/index.php\/2025\/04\/06\/uebersetzungsversuche\/\">\u00dcBERSETZUNGSVERSUCHE<\/a> von Daniel Krieg<\/p>\n<p>Seit der Publikation des Kryptogramms im Jahr 1934 haben Abenteurer und Forscher versucht, ihm einen Sinn abzugewinnen. Ein neuer Ansatz bringt Licht ins Dunkel des Geheimnisses.<\/p>\n<hr \/>\n<p><a href=\"https:\/\/labuse-facts.com\/index.php\/2025\/04\/06\/die-fehlerlogik\/\"><img loading=\"lazy\" decoding=\"async\" class=\"details-image alignleft\" draggable=\"false\" src=\"https:\/\/wycoticu.cyon.site\/wp-content\/uploads\/2025\/04\/Fehlerlogik_ohne.png\" alt=\"\" width=\"142\" height=\"89\" \/><\/a><\/p>\n<p>4 <a href=\"https:\/\/labuse-facts.com\/index.php\/2025\/04\/06\/die-fehlerlogik\/\">DIE FEHLERLOGIK<\/a> von Daniel Krieg<\/p>\n<p>Kryptologisch gesehen ist die Freimaurer-Schrift ein einfaches System. Bei der Anwendung kommt es zu erwartbaren Fehlern. Durch eine genau Analyse wird das Kauderwelsch pl\u00f6tzlich lesbar.<\/p>\n<hr \/>\n<p><a href=\"https:\/\/labuse-facts.com\/index.php\/2025\/04\/06\/5-die-neue-transkription\/\"><img loading=\"lazy\" decoding=\"async\" class=\"details-image alignleft\" draggable=\"false\" src=\"https:\/\/wycoticu.cyon.site\/wp-content\/uploads\/2025\/04\/6-Transkription-mit-historischen-Belegen.png\" alt=\"\" width=\"141\" height=\"100\" \/><\/a><\/p>\n<p>5 <a href=\"https:\/\/labuse-facts.com\/index.php\/2025\/04\/06\/5-die-neue-transkription\/\">DIE NEUE TRANSKRIPTION<\/a> von Daniel Krieg<\/p>\n<p>Quellen aus dem 16.-18. Jahrhundert belegen den Inhalt der neuen Transkription. Die historischen und geografische Zusammenh\u00e4nge erm\u00f6glichen spannende Interpretationen. \u2013 Nur f\u00fcr <a href=\"https:\/\/labuse-facts.com\/index.php\/membership-join\/\">PREMIUM-Mitglieder<\/a>.<\/p>\n<hr \/>\n<p><a href=\"https:\/\/labuse-facts.com\/index.php\/2025\/04\/06\/lordre-des-francs-macons\/\"><img loading=\"lazy\" decoding=\"async\" class=\"details-image alignleft\" draggable=\"false\" src=\"https:\/\/wycoticu.cyon.site\/wp-content\/uploads\/2025\/04\/7-Lordre_premium.png\" alt=\"\" width=\"141\" height=\"99\" \/><\/a><\/p>\n<p>6 <a href=\"https:\/\/labuse-facts.com\/index.php\/2025\/04\/06\/lordre-des-francs-macons\/\">L&#8217;ORDRE DES FRANCS-MA\u00c7ONS<\/a> von Daniel Krieg<\/p>\n<p>Ein Buch, das die Geheimnisse der Freimaurer offenbart bringt neues Licht in die Geschichte rund um das Kryptogramm von La Buse. Was haben die Buchstaben das Alphabets mit dem Piraten zu tun? \u2013 Nur f\u00fcr <a href=\"https:\/\/labuse-facts.com\/index.php\/membership-join\/\">PREMIUM-Mitglieder<\/a>.<\/p>\n<hr \/>\n<p><a href=\"https:\/\/labuse-facts.com\/index.php\/2025\/04\/05\/das-franzoesische-alphabet\/\"><img loading=\"lazy\" decoding=\"async\" class=\"details-image alignleft\" draggable=\"false\" src=\"https:\/\/wycoticu.cyon.site\/wp-content\/uploads\/2025\/04\/alphabet.png\" alt=\"\" width=\"141\" height=\"100\" \/><\/a><\/p>\n<p>7 <a href=\"https:\/\/labuse-facts.com\/index.php\/2025\/04\/05\/das-franzoesische-alphabet\/\">DAS FRANZ\u00d6SISCHE ALPHABET<\/a> von Daniel Krieg<\/p>\n<p>Im Kryptogramm gibt es die Buchstaben V und J. Diese wurden allerdings erst Jahrzente nach dem Tod von La Buse in franz\u00f6sische Alphabet integriert. Warum waren sie dennoch im Kryptogramm-Code?<\/p>\n<hr \/>\n<p><a href=\"https:\/\/labuse-facts.com\/index.php\/2025\/04\/05\/spezielle-zeichen\/\"><img loading=\"lazy\" decoding=\"async\" class=\"details-image alignleft\" draggable=\"false\" src=\"https:\/\/wycoticu.cyon.site\/wp-content\/uploads\/2025\/04\/spezielle-Zeichen-PREMIUM.png\" alt=\"\" width=\"140\" height=\"98\" \/><\/a><\/p>\n<p>8 <a href=\"https:\/\/labuse-facts.com\/index.php\/2025\/04\/05\/spezielle-zeichen\/\">SPEZIELLE ZEICHEN<\/a> von Daniel Krieg<\/p>\n<p>Viele haben sie ignoriert, einige haben wild dar\u00fcber spekuliert: \u00dcber handvoll speziellen Zeichen im Kryptogramm, die eindeutig nicht zum Code geh\u00f6ren. Sie sind der Schl\u00fcssel zum Steganogramm, ein R\u00e4tsel im R\u00e4tsel. \u2013 Nur f\u00fcr <a href=\"https:\/\/labuse-facts.com\/index.php\/membership-join\/\">PREMIUM-Mitglieder<\/a>.<\/p>\n<hr \/>\n<p><img loading=\"lazy\" decoding=\"async\" class=\"details-image alignleft\" draggable=\"false\" src=\"https:\/\/wycoticu.cyon.site\/wp-content\/uploads\/2025\/04\/lacaille-1.png\" alt=\"\" width=\"140\" height=\"99\" \/><\/p>\n<p>9 DIE KARTE von Daniel Krieg <strong>&#8212;&gt; In Planung<\/strong><\/p>\n<p>Die \u00dcberlappung zwischen Kryptogramm und der Karte von Lacaille ist erst der erste Schritt. Am Ende entpuppt sich das Konstrukt als wahres geometrisches Meisterwerk! \u2013 Nur f\u00fcr <a href=\"https:\/\/labuse-facts.com\/index.php\/membership-join\/\">PREMIUM-Mitglieder<\/a>.<\/p>\n<hr \/>\n<p><a href=\"https:\/\/labuse-facts.com\/index.php\/2025\/04\/05\/das-ende-einer-legende\/\"><img loading=\"lazy\" decoding=\"async\" class=\"details-image alignleft\" draggable=\"false\" src=\"https:\/\/wycoticu.cyon.site\/wp-content\/uploads\/2025\/04\/Bussard-1.png\" alt=\"\" width=\"140\" height=\"99\" \/><\/a><\/p>\n<p>10 <a href=\"https:\/\/labuse-facts.com\/index.php\/2025\/04\/05\/das-ende-einer-legende\/\">DAS ENDE EINER LEGENDE<\/a> von Daniel Krieg<\/p>\n<p>Das Kryptogramm hat 90 Jahre lang die Fantasie der Menschen befl\u00fcgelt, die an die Legende glaubten. Fakten zeigen: La Buse kann nicht dessen Autor gewesen sein. Die Legende ist tot.<\/p>\n<\/div><\/section>\n\n","protected":false},"excerpt":{"rendered":"","protected":false},"author":2,"featured_media":0,"parent":0,"menu_order":0,"comment_status":"closed","ping_status":"closed","template":"","meta":{"footnotes":""},"class_list":["post-2328","page","type-page","status-publish","hentry"],"_links":{"self":[{"href":"https:\/\/labuse-facts.com\/index.php\/wp-json\/wp\/v2\/pages\/2328","targetHints":{"allow":["GET"]}}],"collection":[{"href":"https:\/\/labuse-facts.com\/index.php\/wp-json\/wp\/v2\/pages"}],"about":[{"href":"https:\/\/labuse-facts.com\/index.php\/wp-json\/wp\/v2\/types\/page"}],"author":[{"embeddable":true,"href":"https:\/\/labuse-facts.com\/index.php\/wp-json\/wp\/v2\/users\/2"}],"replies":[{"embeddable":true,"href":"https:\/\/labuse-facts.com\/index.php\/wp-json\/wp\/v2\/comments?post=2328"}],"version-history":[{"count":14,"href":"https:\/\/labuse-facts.com\/index.php\/wp-json\/wp\/v2\/pages\/2328\/revisions"}],"predecessor-version":[{"id":4063,"href":"https:\/\/labuse-facts.com\/index.php\/wp-json\/wp\/v2\/pages\/2328\/revisions\/4063"}],"wp:attachment":[{"href":"https:\/\/labuse-facts.com\/index.php\/wp-json\/wp\/v2\/media?parent=2328"}],"curies":[{"name":"wp","href":"https:\/\/api.w.org\/{rel}","templated":true}]}}