{"id":2160,"date":"2025-04-07T06:37:53","date_gmt":"2025-04-07T04:37:53","guid":{"rendered":"https:\/\/wycoticu.cyon.site\/?page_id=2160"},"modified":"2025-04-10T11:04:08","modified_gmt":"2025-04-10T09:04:08","slug":"alle-artikel-la-buse","status":"publish","type":"page","link":"https:\/\/labuse-facts.com\/index.php\/alle-artikel-la-buse\/","title":{"rendered":"Alle Artikel La Buse"},"content":{"rendered":"<div id='full_slider_1'  class='avia-fullwidth-slider main_color avia-shadow   avia-builder-el-0  el_before_av_section  avia-builder-el-first   container_wrap fullsize'  ><\/div>\n\n<style type=\"text\/css\" data-created_by=\"avia_inline_auto\" id=\"style-css-av-m8y775td-9462e8b5bc4cbc16c174c712b9e6f8dc\">\n.avia-section.av-m8y775td-9462e8b5bc4cbc16c174c712b9e6f8dc{\nbackground-color:#eedac0;\nbackground-image:unset;\n}\n<\/style>\n<div id='av_section_1'  class='avia-section av-m8y775td-9462e8b5bc4cbc16c174c712b9e6f8dc main_color avia-section-default avia-no-border-styling  avia-builder-el-1  el_after_av_slideshow_full  el_before_av_section  avia-bg-style-scroll container_wrap fullsize'  ><div class='container av-section-cont-open' ><div class='template-page content  av-content-full alpha units'><div class='post-entry post-entry-type-page post-entry-2160'><div class='entry-content-wrapper clearfix'>\n\n<style type=\"text\/css\" data-created_by=\"avia_inline_auto\" id=\"style-css-av-m8ctb1vy-c7944db85b2f7c9cd0410b80ee0317fc\">\n#top .av-special-heading.av-m8ctb1vy-c7944db85b2f7c9cd0410b80ee0317fc{\npadding-bottom:10px;\n}\nbody .av-special-heading.av-m8ctb1vy-c7944db85b2f7c9cd0410b80ee0317fc .av-special-heading-tag .heading-char{\nfont-size:25px;\n}\n.av-special-heading.av-m8ctb1vy-c7944db85b2f7c9cd0410b80ee0317fc .av-subheading{\nfont-size:15px;\n}\n<\/style>\n<div  class='av-special-heading av-m8ctb1vy-c7944db85b2f7c9cd0410b80ee0317fc av-special-heading-h2 blockquote modern-quote  avia-builder-el-2  el_before_av_textblock  avia-builder-el-first '><h2 class='av-special-heading-tag '  itemprop=\"headline\"  >Alle Artikel La Buse<\/h2><div class=\"special-heading-border\"><div class=\"special-heading-inner-border\"><\/div><\/div><\/div>\n<section  class='av_textblock_section av-m8ctbryi-b6b4307247086c7a4e5cce908f045cec '   itemscope=\"itemscope\" itemtype=\"https:\/\/schema.org\/CreativeWork\" ><div class='avia_textblock'  itemprop=\"text\" ><h2><\/h2>\n<p><a href=\"https:\/\/labuse-facts.com\/index.php\/2025\/04\/03\/an-der-afrikanischen-kueste\/\"><img loading=\"lazy\" decoding=\"async\" class=\"details-image alignleft\" draggable=\"false\" src=\"https:\/\/wycoticu.cyon.site\/wp-content\/uploads\/2025\/04\/calais_kachel.png\" alt=\"\" width=\"141\" height=\"99\" \/><\/a><\/p>\n<p><a href=\"https:\/\/labuse-facts.com\/index.php\/2025\/04\/03\/an-der-afrikanischen-kueste\/\">AN DER AFRIKANISCHEN K\u00dcSTE<\/a> von Marina Carter<\/p>\n<p>Der franz\u00f6sische Pirat Olivier Le Vasseur alias La Buse ist vor Westafrika unterwegs, wo der Kapit\u00e4n eines gefangenen britischen Sklavenschiffs einen aufschlussreichen Einblick in das Leben an Bord seines Schiffes gew\u00e4hrt.<\/p>\n<hr \/>\n<p><a href=\"https:\/\/labuse-facts.com\/index.php\/2025\/04\/03\/auf-den-komoren\/\"><img loading=\"lazy\" decoding=\"async\" class=\"details-image alignleft\" draggable=\"false\" src=\"https:\/\/wycoticu.cyon.site\/wp-content\/uploads\/2025\/04\/Komoren-1.png\" alt=\"\" width=\"140\" height=\"99\" \/><\/a><\/p>\n<p><a href=\"https:\/\/labuse-facts.com\/index.php\/2025\/04\/03\/auf-den-komoren\/\">AUF DEN KOMOREN<\/a> von Marina Carter<\/p>\n<p>La Buse erleidet mit seinem Schiff vor den Komoren Schiffbruch und wird von dem Piratenkapit\u00e4n Taylor aufgegriffen. Gemeinsam liefern sie sich einen denkw\u00fcrdigen Kampf mit einem Schiff der British East India Company.<\/p>\n<hr \/>\n<p><a href=\"https:\/\/labuse-facts.com\/index.php\/2025\/04\/03\/der-ueberfall-auf-reunion\/\"><img loading=\"lazy\" decoding=\"async\" class=\"details-image alignleft\" draggable=\"false\" src=\"https:\/\/wycoticu.cyon.site\/wp-content\/uploads\/2025\/04\/rohdiamanten.png\" alt=\"\" width=\"140\" height=\"99\" \/><\/a><\/p>\n<p><a href=\"https:\/\/labuse-facts.com\/index.php\/2025\/04\/03\/der-ueberfall-auf-reunion\/\">DER \u00dcBERFALL AUF R\u00c9UNION<\/a> von Marina Carter<\/p>\n<p>La Buse und seine Gef\u00e4hrten machen einen ihrer lukrativsten Beutez\u00fcge &#8211; eines der ungl\u00fccklichen Opfer ist der scheidende portugiesische Vizek\u00f6nig von Indien.<\/p>\n<hr \/>\n<p><a href=\"https:\/\/labuse-facts.com\/index.php\/2025\/04\/03\/la-buse-schreibt-einen-brief\/\"><img loading=\"lazy\" decoding=\"async\" class=\"details-image alignleft\" draggable=\"false\" src=\"https:\/\/wycoticu.cyon.site\/wp-content\/uploads\/2025\/04\/Brief-La-Buse.png\" alt=\"\" width=\"142\" height=\"100\" \/><\/a><\/p>\n<p><a href=\"https:\/\/labuse-facts.com\/index.php\/2025\/04\/03\/la-buse-schreibt-einen-brief\/\">LA BUSE SCHREIBT EINEN BRIEF<\/a> von Marina Carter<\/p>\n<p>Warum hat Le Vasseur die Chance auf Amnestie aufgegeben? Ein in den Archiven entdeckter Brief enth\u00fcllt die erstaunliche Wahrheit.<\/p>\n<hr \/>\n<p><a href=\"https:\/\/labuse-facts.com\/index.php\/2025\/04\/03\/der-pirat-als-kriegsherr\/\"><img loading=\"lazy\" decoding=\"async\" class=\"details-image alignleft\" draggable=\"false\" src=\"https:\/\/wycoticu.cyon.site\/wp-content\/uploads\/2025\/04\/madagascar.png\" alt=\"\" width=\"140\" height=\"99\" \/><\/a><\/p>\n<p><a href=\"https:\/\/labuse-facts.com\/index.php\/2025\/04\/03\/der-pirat-als-kriegsherr\/\">DER PIRAT ALS KRIEGSHERR<\/a> von Marina Carter<\/p>\n<p>Wie und warum wurde der franz\u00f6sische Pirat zum Kriegsherrn eines madagassischen K\u00f6nigs? Diese wenig bekannte und verbl\u00fcffende Episode aus dem Leben von La Buse wird hier enth\u00fcllt.<\/p>\n<hr \/>\n<p><a href=\"https:\/\/labuse-facts.com\/index.php\/2025\/04\/03\/verhaftet-und-verurteilt\/\"><img loading=\"lazy\" decoding=\"async\" class=\"details-image alignleft\" draggable=\"false\" src=\"https:\/\/wycoticu.cyon.site\/wp-content\/uploads\/2025\/04\/galgen.png\" alt=\"\" width=\"140\" height=\"99\" \/><\/a><\/p>\n<p><a href=\"https:\/\/labuse-facts.com\/index.php\/2025\/04\/03\/verhaftet-und-verurteilt\/\">VERHAFTET UND VERURTEILT<\/a> von Marina Carter<\/p>\n<p>Erfahren Sie, wie der ber\u00fcchtigte La Buse schlie\u00dflich gefangen genommen, in Ketten gelegt und auf die Insel La R\u00e9union transportiert wurde, um dort f\u00fcr seine Piratenaktivit\u00e4ten vor Gericht gestellt zu werden.<\/p>\n<hr \/>\n<p><a href=\"https:\/\/labuse-facts.com\/index.php\/2025\/04\/03\/vermaechtnis-und-luegen\/\"><img loading=\"lazy\" decoding=\"async\" class=\"details-image alignleft\" draggable=\"false\" src=\"https:\/\/wycoticu.cyon.site\/wp-content\/uploads\/2025\/04\/grabinschrift.png\" alt=\"\" width=\"141\" height=\"99\" \/><\/a><\/p>\n<p><a href=\"https:\/\/labuse-facts.com\/index.php\/2025\/04\/03\/vermaechtnis-und-luegen\/\">VERM\u00c4CHTNIS UND L\u00dcGEN<\/a> von Marina Carter<\/p>\n<p>Wie konnte sich ein sch\u00e4ndlich geh\u00e4ngter franz\u00f6sischer Pirat eine Art Unsterblichkeit sichern? Und warum ist so vieles an seiner Legende falsch?<\/p>\n<hr \/>\n<p><a href=\"https:\/\/labuse-facts.com\/index.php\/2025\/04\/03\/was-schiffswracks-enthuellen\/\"><img loading=\"lazy\" decoding=\"async\" class=\"details-image alignleft\" draggable=\"false\" src=\"https:\/\/wycoticu.cyon.site\/wp-content\/uploads\/2025\/04\/wydah.png\" alt=\"\" width=\"140\" height=\"99\" \/><\/a><\/p>\n<p><a href=\"https:\/\/labuse-facts.com\/index.php\/2025\/04\/03\/was-schiffswracks-enthuellen\/\">WAS SCHIFFSWRACKS ENTH\u00dcLLEN<\/a> von Marina Carter<\/p>\n<p>Es wurden neue Entdeckungen gemacht, die endlich einen Wendepunkt in der Geschichte von La Buse markieren. Es wurden greifbare Artefakte des Kulturerbes gefunden!<\/p>\n<hr \/>\n<h2><strong><a href=\"https:\/\/labuse-facts.com\/index.php\/alle-artikel-kryptogramm-2\/\">Alle Artikel Kryptogramm<\/a><br \/>\n<\/strong><\/h2>\n<p><a href=\"https:\/\/labuse-facts.com\/index.php\/alle-artikel-kryptogramm-2\/\"><img loading=\"lazy\" decoding=\"async\" class=\"details-image alignleft\" draggable=\"false\" src=\"https:\/\/wycoticu.cyon.site\/wp-content\/uploads\/2025\/04\/alle-Kryptogramm.png\" alt=\"\" width=\"140\" height=\"99\" \/><\/a><\/p>\n<p><a href=\"https:\/\/labuse-facts.com\/index.php\/alle-artikel-kryptogramm-2\/\">Die Geheimschrift, die seit 90 Jahre lang die Fantasien vieler Menschen spriessen l\u00e4sst in allen ihren Aspekten.<\/a><\/p>\n<hr \/>\n<h2><a href=\"https:\/\/labuse-facts.com\/index.php\/alle-artikel-hintergruende\/\"><strong>Alle Artikel Hintergr\u00fcnde<\/strong><\/a><\/h2>\n<p><a href=\"https:\/\/labuse-facts.com\/index.php\/alle-artikel-hintergruende\/\"><img loading=\"lazy\" decoding=\"async\" class=\"details-image alignleft\" draggable=\"false\" src=\"https:\/\/wycoticu.cyon.site\/wp-content\/uploads\/2025\/04\/alle-hintergruende.png\" alt=\"\" width=\"140\" height=\"99\" \/><\/a><\/p>\n<p><a href=\"https:\/\/labuse-facts.com\/index.php\/alle-artikel-hintergruende\/\">Geschichten und Geschichte rund um die \u00abGoldene \u00c4ra der Piraterie\u00bb, La Buse und das Kryptogramm.<\/a><\/p>\n<\/div><\/section>\n<\/div><\/div><\/div><!-- close content main div --><\/div><\/div><div id='av_section_2'  class='avia-section av-m8y5owdh-7f6b631be7e127bae4a6c7da8754bd1e main_color avia-section-default avia-no-border-styling  avia-builder-el-4  el_after_av_section  avia-builder-el-last  overview avia-bg-style-scroll container_wrap fullsize'  ><div class='container av-section-cont-open' ><div class='template-page content  av-content-full alpha units'><div class='post-entry post-entry-type-page post-entry-2160'><div class='entry-content-wrapper clearfix'>\n\n<\/p>\n","protected":false},"excerpt":{"rendered":"","protected":false},"author":1,"featured_media":0,"parent":0,"menu_order":0,"comment_status":"closed","ping_status":"closed","template":"","meta":{"footnotes":""},"class_list":["post-2160","page","type-page","status-publish","hentry"],"_links":{"self":[{"href":"https:\/\/labuse-facts.com\/index.php\/wp-json\/wp\/v2\/pages\/2160","targetHints":{"allow":["GET"]}}],"collection":[{"href":"https:\/\/labuse-facts.com\/index.php\/wp-json\/wp\/v2\/pages"}],"about":[{"href":"https:\/\/labuse-facts.com\/index.php\/wp-json\/wp\/v2\/types\/page"}],"author":[{"embeddable":true,"href":"https:\/\/labuse-facts.com\/index.php\/wp-json\/wp\/v2\/users\/1"}],"replies":[{"embeddable":true,"href":"https:\/\/labuse-facts.com\/index.php\/wp-json\/wp\/v2\/comments?post=2160"}],"version-history":[{"count":20,"href":"https:\/\/labuse-facts.com\/index.php\/wp-json\/wp\/v2\/pages\/2160\/revisions"}],"predecessor-version":[{"id":3379,"href":"https:\/\/labuse-facts.com\/index.php\/wp-json\/wp\/v2\/pages\/2160\/revisions\/3379"}],"wp:attachment":[{"href":"https:\/\/labuse-facts.com\/index.php\/wp-json\/wp\/v2\/media?parent=2160"}],"curies":[{"name":"wp","href":"https:\/\/api.w.org\/{rel}","templated":true}]}}